{"id":1876,"date":"2025-04-09T14:11:16","date_gmt":"2025-04-09T11:11:16","guid":{"rendered":"https:\/\/centraltirgus.lv\/working-hours\/"},"modified":"2025-09-03T09:06:57","modified_gmt":"2025-09-03T06:06:57","slug":"working-hours","status":"publish","type":"page","link":"https:\/\/centraltirgus.lv\/en\/working-hours\/","title":{"rendered":"Working hours"},"content":{"rendered":"<p style=\"text-align: left;\"><strong>MEAT PAVILION<br \/>\n<\/strong>Monday \u2013 Saturday from <strong>7:00 a.m.<\/strong> to <strong>6:00 p.m.<br \/>\n<\/strong>Sunday from <strong>7:00 a.m.<\/strong> to <strong>5:00 p.m.<\/strong><\/p>\n<p style=\"text-align: left;\"><strong>VEGETABLE, GASTRONOMY AND FISH PAVILIONS<br \/>\n<\/strong>Monday \u2013 Saturday from <strong>7:30 a.m.<\/strong> to <strong>6:00 p.m.<br \/>\n<\/strong>Sunday from <strong>7:30 a.m.<\/strong> to <strong>5:00 p.m.<\/strong><\/p>\n<p style=\"text-align: left;\"><strong>DAIRY PAVILION<br \/>\n<\/strong>Closed for renovations<\/p>\n<p style=\"text-align: left;\"><strong>OPEN AND CLOSED TERRITORY<br \/>\n<\/strong>Monday \u2013 Sunday from <strong>7:00 a.m.<\/strong> to <strong>6:00 p.m.<\/strong><\/p>\n<p style=\"text-align: left;\"><strong>FARMERS NIGHT MARKET<\/strong> (in Riga, Gaizi\u0146a Street, Sp\u012b\u0137eru Street and P\u016bpolu Street)<\/p>\n<ul style=\"text-align: left;\">\n<li><strong>TRADE FROM ROAD TRANSPORT<br \/>\n<\/strong>Monday \u2013 Sunday from <strong>5:30 p.m. <\/strong>to <strong>7:30 a.m.<\/strong> (from May 1 to September 30)<br \/>\nMonday \u2013 Sunday from <strong>5:00 p.m.<\/strong> to <strong>7:30 a.m.<\/strong> (from October 1 to April 30)<\/li>\n<li><strong>RETAIL PLACES WITH WAREHOUSES<br \/>\n<\/strong>Monday \u2013 Sunday from <strong>0.00<\/strong> to <strong>24.00<\/strong><\/li>\n<li><strong>NIGHT FLOWER MARKET<\/strong> (P\u016bpolu Street)<br \/>\nMonday \u2013 Sunday from <strong>7:00 p.m.<\/strong> to <strong>7:00 a.m.<\/strong><\/li>\n<\/ul>\n<p style=\"text-align: left;\">As part of <strong>SANITARY DAY<\/strong>, the <strong>pavilions<\/strong> of Riga Central Market <strong>are closed on the first Monday of each month<\/strong> . However, trading in the outdoor area continues without changes.<\/p>\n<p><img loading=\"lazy\" decoding=\"async\" class=\"aligncenter wp-image-672 size-full\" src=\"https:\/\/centraltirgus.lv\/wp-content\/uploads\/2025\/02\/Darba-laiki-min.jpg\" alt=\"\" width=\"1920\" height=\"1439\" srcset=\"https:\/\/centraltirgus.lv\/wp-content\/uploads\/2025\/02\/Darba-laiki-min.jpg 1920w, https:\/\/centraltirgus.lv\/wp-content\/uploads\/2025\/02\/Darba-laiki-min-300x225.jpg 300w, https:\/\/centraltirgus.lv\/wp-content\/uploads\/2025\/02\/Darba-laiki-min-1024x767.jpg 1024w, https:\/\/centraltirgus.lv\/wp-content\/uploads\/2025\/02\/Darba-laiki-min-768x576.jpg 768w\" sizes=\"auto, (max-width: 1920px) 100vw, 1920px\" \/><\/p>\n","protected":false},"excerpt":{"rendered":"<p>MEAT PAVILION Monday \u2013 Saturday from 7:00 a.m. to 6:00 p.m. Sunday from 7:00 a.m. to 5:00 p.m. VEGETABLE, GASTRONOMY AND FISH PAVILIONS Monday \u2013 Saturday from 7:30 a.m. to 6:00 p.m. Sunday from 7:30 a.m. to 5:00 p.m. DAIRY PAVILION Closed for renovations OPEN AND CLOSED TERRITORY Monday \u2013 Sunday from 7:00 a.m. to [&hellip;]<\/p>\n","protected":false},"author":1,"featured_media":0,"parent":0,"menu_order":0,"comment_status":"closed","ping_status":"closed","template":"","meta":{"_acf_changed":false,"inline_featured_image":false,"footnotes":""},"class_list":["post-1876","page","type-page","status-publish","hentry"],"acf":[],"_links":{"self":[{"href":"https:\/\/centraltirgus.lv\/en\/wp-json\/wp\/v2\/pages\/1876","targetHints":{"allow":["GET"]}}],"collection":[{"href":"https:\/\/centraltirgus.lv\/en\/wp-json\/wp\/v2\/pages"}],"about":[{"href":"https:\/\/centraltirgus.lv\/en\/wp-json\/wp\/v2\/types\/page"}],"author":[{"embeddable":true,"href":"https:\/\/centraltirgus.lv\/en\/wp-json\/wp\/v2\/users\/1"}],"replies":[{"embeddable":true,"href":"https:\/\/centraltirgus.lv\/en\/wp-json\/wp\/v2\/comments?post=1876"}],"version-history":[{"count":2,"href":"https:\/\/centraltirgus.lv\/en\/wp-json\/wp\/v2\/pages\/1876\/revisions"}],"predecessor-version":[{"id":2532,"href":"https:\/\/centraltirgus.lv\/en\/wp-json\/wp\/v2\/pages\/1876\/revisions\/2532"}],"wp:attachment":[{"href":"https:\/\/centraltirgus.lv\/en\/wp-json\/wp\/v2\/media?parent=1876"}],"curies":[{"name":"wp","href":"https:\/\/api.w.org\/{rel}","templated":true}]}}